{"id":790,"date":"2018-10-03T11:46:31","date_gmt":"2018-10-03T11:46:31","guid":{"rendered":"http:\/\/localhost\/www\/Mythemes\/modeling\/?page_id=790"},"modified":"2024-03-28T10:14:56","modified_gmt":"2024-03-28T06:14:56","slug":"about-us","status":"publish","type":"page","link":"https:\/\/eglise-saint-jean-marie-vianney.com\/?page_id=790","title":{"rendered":"Notre Eglise"},"content":{"rendered":"\n<div class=\"wp-block-cover\" style=\"min-height:401px;aspect-ratio:unset;\"><span aria-hidden=\"true\" class=\"wp-block-cover__background has-background-dim\"><\/span><img loading=\"lazy\" decoding=\"async\" width=\"2048\" height=\"1367\" class=\"wp-block-cover__image-background wp-image-2104\" alt=\"\" src=\"https:\/\/eglise-saint-jean-marie-vianney.com\/wp-content\/uploads\/2024\/03\/Saint-Jean-Marie-Vianney-1-scaled-1.jpg\" data-object-fit=\"cover\" srcset=\"https:\/\/eglise-saint-jean-marie-vianney.com\/wp-content\/uploads\/2024\/03\/Saint-Jean-Marie-Vianney-1-scaled-1.jpg 2048w, https:\/\/eglise-saint-jean-marie-vianney.com\/wp-content\/uploads\/2024\/03\/Saint-Jean-Marie-Vianney-1-scaled-1-300x200.jpg 300w, https:\/\/eglise-saint-jean-marie-vianney.com\/wp-content\/uploads\/2024\/03\/Saint-Jean-Marie-Vianney-1-scaled-1-1024x684.jpg 1024w, https:\/\/eglise-saint-jean-marie-vianney.com\/wp-content\/uploads\/2024\/03\/Saint-Jean-Marie-Vianney-1-scaled-1-768x513.jpg 768w, https:\/\/eglise-saint-jean-marie-vianney.com\/wp-content\/uploads\/2024\/03\/Saint-Jean-Marie-Vianney-1-scaled-1-1536x1025.jpg 1536w\" sizes=\"auto, (max-width: 2048px) 100vw, 2048px\" \/><div class=\"wp-block-cover__inner-container is-layout-flow wp-block-cover-is-layout-flow\">\n<p class=\"has-text-align-center has-large-font-size\"><strong>L\u2019histoire d\u2019une chapelle devenue \u00e9glise<\/strong><\/p>\n\n\n\n<p>La paroisse Saint Jean Marie Vianney<\/p>\n<\/div><\/div>\n\n\n\n<p><\/p>\n\n\n\n<p>Dans les ann\u00e9es 1930, il n&rsquo;y avait pas de chapelle dans le village de Pointe-aux-Piments. De nombreux catholiques \u00e9taient alors oblig\u00e9s d\u2019aller assister \u00e0 la messe \u00e0 l\u2019\u00e9glise St Joseph, Terre Rouge, ou \u00e0 l\u2019\u00e9glise St Fran\u00e7ois d&rsquo;Assise \u00e0 Pamplemousses. A cette \u00e9poque, il n&rsquo;y avait pas de facilit\u00e9s de transport comme c\u2019est le cas aujourd\u2019hui. Selon les t\u00e9moignages de nos a\u00een\u00e9s, ils devaient se r\u00e9veiller \u00e0 trois heures du matin. Et celui qui se r\u00e9veillait en premier allait r\u00e9veiller les autres membres de la famille.<\/p>\n\n\n\n<p>Ceux qui allaient \u00e0 la messe \u00e0 Pamplemousses prenaient des raccourcis \u00e0 travers les champs de canne \u00e0 sucre. Lorsqu&rsquo;ils arrivaient \u00e0 hauteur de l&rsquo;actuelle soci\u00e9t\u00e9 sucri\u00e8re de Beau-Plan, ils se rafra\u00eechissaient dans l&rsquo;eau d\u2019un canal attenant et rev\u00eataient leurs habits du dimanche pour assister \u00e0 la messe.<\/p>\n\n\n\n<p>Jukeslin Etienette, plus connu comme M. Lelin, \u00e9tait un fervent catholique. Chaque dimanche, il se rendait \u00e0 la messe \u00e0 l\u2019\u00e9glise St Joseph. Ayant remarqu\u00e9 sa pr\u00e9sence, le p\u00e8re Charpiat, qui accueillait les fid\u00e8les venant \u00e0 l\u2019\u00e9glise, a engag\u00e9 la conversation avec lui. Le pr\u00eatre voulait savoir d&rsquo;o\u00f9 il venait, ce qu\u2019il faisait dans la vie etc. et un dialogue s\u2019est instaur\u00e9.<\/p>\n\n\n\n<p>C\u2019est \u00e0 la suite de cet entretien que l&rsquo;id\u00e9e a germ\u00e9 dans la t\u00eate de M. Lelin de faire construire une chapelle \u00e0 Pointe-aux-Piments. Vu que ses beaux-parents, M. et Mme Ambrose Douce, \u00e9taient des propri\u00e9taires terriens, il leur en a fait part et M. Douce a approuv\u00e9 l\u2019id\u00e9e, faisant, dans la foul\u00e9e, don d&rsquo;une portion de terrain au dioc\u00e8se de Port-Louis \u00e0 des fins de construction d\u2019un lieu de culte dans le village. Le p\u00e8re Charpiat en a inform\u00e9 le dioc\u00e8se et s\u2019est alors charg\u00e9 d&rsquo;initier les d\u00e9marches \u00e0 cet effet.<\/p>\n\n\n\n<p>M. Douce avait neuf enfants. Lorsqu\u2019il a fait r\u00e9diger son testament, dans un souci d\u2019\u00e9quit\u00e9 dans le partage de ses biens, il a l\u00e9gu\u00e9 19 perches \u00e0 chacun de ses enfants et a allou\u00e9 une dixi\u00e8me portion de la m\u00eame superficie au dioc\u00e8se de Port-Louis qu&rsquo;il consid\u00e9rait comme un dixi\u00e8me h\u00e9ritier. C&rsquo;est ainsi que le dioc\u00e8se a obtenu un lot de 19 perches \u00e0 Pointe-aux-Piments pour la construction d\u2019une chapelle.<\/p>\n\n\n\n<p>Une fois le terrain obtenu, la soci\u00e9t\u00e9 Harel Fr\u00e8res a entrepris les travaux de construction de la chapelle. Ceux-ci ont pris fin vers 1937-1938. Ladite chapelle a \u00e9t\u00e9 construite avec les mat\u00e9riaux d\u2019usage \u00e0 l\u2019\u00e9poque : de la chaux, des feuilles de t\u00f4les, des poutres. Historiquement, le p\u00e8re Charpiat a \u00e9t\u00e9 le cur\u00e9 fondateur de la paroisse.<\/p>\n\n\n\n<p>Le premier registre de bapt\u00eame de la chapelle St Jean Marie Vianney date du 8 janvier 1939, avec comme cur\u00e9 le p\u00e8re No\u00ebl Koenig. Mlle M\u00e9lanie Crespin, originaire de Curepipe et employ\u00e9e de la famille Rousset de Solitude, en fut la premi\u00e8re sacristine et elle y enseigna aussi le cat\u00e9chisme.<\/p>\n\n\n\n<p>En 1939, le p\u00e8re Richard Kane a pris la rel\u00e8ve et a choisi d&rsquo;habiter la paroisse. Il a occup\u00e9 les locaux de la sacristie pour \u00eatre plus proche de ses fid\u00e8les. Les paroissiens gardent d\u2019ailleurs un excellent souvenir de sa disponibilit\u00e9 et aussi de sa simplicit\u00e9.<\/p>\n\n\n\n<p>A l&rsquo;arriv\u00e9e du p\u00e8re Claude Sauzier en 1947, la messe a \u00e9t\u00e9 c\u00e9l\u00e9br\u00e9e le premier et troisi\u00e8me dimanche du mois. Etant cur\u00e9 \u00e0 Montagne Longue, il consacrait les mardis \u00e0 la chapelle de Pointe-aux-Piments. Il commen\u00e7ait sa journ\u00e9e avec une messe de requiem, suivie des bapt\u00eames, des r\u00e9p\u00e9titions de chants gr\u00e9goriens et l&rsquo;enseignement du cat\u00e9chisme \u00e0 l&rsquo;\u00e9cole. Il apportait des posters pour aider les enfants \u00e0 mieux comprendre le cours de cat\u00e9chisme.<\/p>\n\n\n\n<p>Sa nomination comme vicaire g\u00e9n\u00e9ral l&rsquo;a amen\u00e9 \u00e0 assumer d&rsquo;autres responsabilit\u00e9s au niveau du dioc\u00e8se et il a \u00e9t\u00e9 remplac\u00e9 par le p\u00e8re Lapeyre, qui, de son c\u00f4t\u00e9, a apport\u00e9 des changements appr\u00e9ciables \u00e0 la paroisse.<\/p>\n\n\n\n<p>L&rsquo;animation de la messe a alors radicalement chang\u00e9 :<\/p>\n\n\n\n<p>\u2022&nbsp;&nbsp;&nbsp;&nbsp;&nbsp; La guitare a \u00e9t\u00e9 introduite au niveau de la chorale,<\/p>\n\n\n\n<p>\u2022&nbsp;&nbsp;&nbsp;&nbsp;&nbsp; Les animateurs de chorale et de la liturgie ont \u00e9t\u00e9 form\u00e9s,<\/p>\n\n\n\n<p>\u2022&nbsp;&nbsp;&nbsp;&nbsp;&nbsp; Il a accord\u00e9 plus d&rsquo;importance \u00e0 l&rsquo;ornement sacerdotal,<\/p>\n\n\n\n<p>\u2022&nbsp;&nbsp;&nbsp;&nbsp;&nbsp; Les bancs dans l\u2019\u00e9glise ont \u00e9t\u00e9 r\u00e9align\u00e9s,<\/p>\n\n\n\n<p>\u2022&nbsp;&nbsp;&nbsp;&nbsp;&nbsp; Il a encourag\u00e9 les personnes vivant en concubinage \u00e0 se marier et a c\u00e9l\u00e9br\u00e9 leurs unions,<\/p>\n\n\n\n<p>\u2022&nbsp;&nbsp;&nbsp;&nbsp;&nbsp; Des changements importants ont \u00e9t\u00e9 apport\u00e9s \u00e0 la c\u00e9r\u00e9monie de bapt\u00eame,<\/p>\n\n\n\n<p>\u2022&nbsp;&nbsp;&nbsp;&nbsp;&nbsp; Il a relanc\u00e9 les messes du soir, avec pour \u00e9clairage des lampes \u00e0 gaz, vu qu\u2019\u00e0 l\u2019\u00e9poque, il n&rsquo;y avait pas d&rsquo;\u00e9lectricit\u00e9.<\/p>\n\n\n\n<p>Puis, plus tard, il a n\u00e9goci\u00e9 avec la propri\u00e9t\u00e9 Harel Fr\u00e8res pour obtenir un g\u00e9n\u00e9rateur afin d\u2019\u00e9clairer l\u2019int\u00e9rieur et l\u2019ext\u00e9rieur de la chapelle.<\/p>\n\n\n\n<p>Pour motiver davantage les membres de la chorale, p\u00e8re Lapeyre, avec l&rsquo;approbation de M. Raymond Douce, a am\u00e9nag\u00e9 un terrain de volley-ball sur la partie inoccup\u00e9e des 19 perches. Ce terrain n\u2019existe plus. Il fait partie de l\u2019emplacement de l\u2019\u00e9glise.<\/p>\n\n\n\n<p>Chaque ann\u00e9e, le p\u00e8re Lapeyre organisait aussi des sorties \u00e9ducatives pour les enfants de ch\u0153ur et les membres de la chorale, avec le parrainage des sucreries du Nord de l\u2019\u00eele.<\/p>\n\n\n\n<p>Une demi-heure avant chaque messe et ensemble avec la chorale, il faisait toute l&rsquo;assistance r\u00e9p\u00e9ter les cantiques, qui seraient interpr\u00e9t\u00e9s lors du culte.<\/p>\n\n\n\n<p>Au cours de son sacerdoce, il \u00e9tait responsable des \u00e9glises de Solitude et de Triolet et vivait dans une maison en location \u00e0 7<sup>e<\/sup> Mile, Triolet. M\u00eame apr\u00e8s son d\u00e9part de la paroisse, il a continu\u00e9 \u00e0 faire la chorale de Pointe-aux-Piments r\u00e9p\u00e9ter r\u00e9guli\u00e8rement et \u00e0 se perfectionner \u00e0 la chapelle de Notre-Dame de Fatima o\u00f9 il \u00e9tait toujours cur\u00e9. On peut donc dire que le p\u00e8re Lapeyre a \u00e9t\u00e9 \u00e0 la base des progr\u00e8s de la paroisse Saint Jean Marie Vianney.<\/p>\n\n\n\n<p>En 1970, le p\u00e8re Lapeyre a \u00e9t\u00e9 remplac\u00e9 par le p\u00e8re Lejuge, cur\u00e9 de la paroisse de Notre-Dame-de-la-D\u00e9livrande. Celui-ci \u00e9tait responsable des paroisses de Solitude et de Pointe-aux-Piments. Il s&rsquo;occupait surtout de la distribution de la communion aux malades.<\/p>\n\n\n\n<p>Pendant le mois de mai, mois consacr\u00e9 \u00e0 la Bienheureuse Vierge Marie, il insistait pour que des pri\u00e8res soient dites tous les soirs et une statue de la Vierge \u00e9tait port\u00e9e en procession dans tous les quartiers. A la fin de mai, un cort\u00e8ge solennel portant la statue de la M\u00e8re du Christ sortait de Camp Scipion et ralliait Grande Pointe-aux-Piments, procession qui culminait, en soir\u00e9e, par une messe consacr\u00e9e \u00e0 la Vierge Marie.<\/p>\n\n\n\n<p>Durant le car\u00eame, il venait, chaque vendredi, animer le Chemin de Croix. Lui \u00e9galement motivait les enfants de ch\u0153ur par des sorties, avec le soutien de Harel Fr\u00e8res. Ses fid\u00e8les se souviennent encore de la nuit de pri\u00e8res, organis\u00e9e par p\u00e8re Lejuge et anim\u00e9e par Jean No\u00ebl Adolphe et son \u00e9quipe. Il a \u00e9galement encourag\u00e9 les jeunes de Pointe-aux-Piments \u00e0 participer aux retraites au Foyer de l&rsquo;Unit\u00e9 \u00e0 Souillac.<\/p>\n\n\n\n<p>Apr\u00e8s le d\u00e9part du p\u00e8re Lapeyre, ce fut le p\u00e8re Anthony Quinn, qui lui succ\u00e9da et qui a continu\u00e9 le bon travail commenc\u00e9. Le p\u00e8re Quinn \u00e9tait tr\u00e8s proche de ses paroissiens et n&rsquo;h\u00e9sitait pas \u00e0 aller leur rendre visite \u00e0 pied, sa petite tente \u00e0 la main et son \u00e9ternelle pipe \u00e0 la bouche.<\/p>\n\n\n\n<p>Le p\u00e8re Quinn a lanc\u00e9 l&rsquo;autofinancement (la gestion financi\u00e8re) au sein de la paroisse mais son passage a \u00e9t\u00e9 tr\u00e8s bref. Apr\u00e8s son d\u00e9part, les s\u0153urs franciscaines, missionnaires de Marie, ont commenc\u00e9 \u00e0 \u0153uvrer dans la paroisse.<\/p>\n\n\n\n<p>Puis, de 1982 \u00e0 1984, le p\u00e8re G\u00e9rald Bowe est devenu le nouveau cur\u00e9 de Saint Jean Marie Vianney. On lui doit un changement d\u2019horaire de messe. Celle-ci, habituellement c\u00e9l\u00e9br\u00e9e \u00e0 10 heures, fut dor\u00e9navant dite \u00e0 9 h 30. Il a \u00e9t\u00e9 remplac\u00e9 par le p\u00e8re Robert Fleurot, qui n\u2019est rest\u00e9 qu\u2019environ huit mois dans la paroisse en raison de ses diff\u00e9rents engagements au niveau du dioc\u00e8se et de la r\u00e9gion.<\/p>\n\n\n\n<p>La paroisse a eu le plaisir d\u2019accueillir, lors d\u2019une des absences du p\u00e8re Fleurot, son homologue Maurice Piat, qui est devenu plus tard \u00e9v\u00eaque de Port-Louis puis Cardinal. Le p\u00e8re Piat a particip\u00e9 au grand rallye de l&rsquo;Action Catholique des Enfants, qui a rassembl\u00e9, sur la plage de Pointe-aux-Piments, les enfants de cette localit\u00e9 et ceux de Pamplemousses.<\/p>\n\n\n\n<p>Entre janvier 1985 et juillet 1992, la paroisse a connu deux pr\u00eatres&nbsp;: Antoine Law et A. Asamy. Sous la direction du p\u00e8re Law, qui \u00e9tait davantage rattach\u00e9 \u00e0 la paroisse, le mouvement \u00ab La Vie Montante \u00bb a \u00e9t\u00e9 mis en place.<\/p>\n\n\n\n<p>Le 15 d\u00e9cembre 1989, \u00e0 la suite d\u2019une demande du p\u00e8re Law, le Cardinal Jean Marg\u00e9ot a accord\u00e9 le statut d&rsquo;\u00e9glise \u00e0 la chapelle Saint Jean Marie Vianney. C\u2019est aussi le p\u00e8re Law qui a jet\u00e9 les bases de la premi\u00e8re fabrique. Les premiers Fabriciens ont \u00e9t\u00e9 M. Michel Hew Khee, qui occupait le poste de pr\u00e9sident, Mme Georgette Hew Khee, la tr\u00e9sori\u00e8re tandis que MM. Joseph Castor, Fran\u00e7ois Eug\u00e9nie, Gino Ami, entre autres, leur ont pr\u00eat\u00e9 main-forte. Mme Hew Khee s\u2019est occup\u00e9e de la gestion financi\u00e8re de l\u2019\u00e9glise pendant 17 ans.<\/p>\n\n\n\n<p>En 1991, une salle d\u2019\u0153uvres a \u00e9t\u00e9 construite au-dessus de la sacristie. Elle sert aujourd\u2019hui de salle de cat\u00e9chisme et de r\u00e9p\u00e9titions. Le mur entourant l&rsquo;\u00e9glise a \u00e9t\u00e9 rehauss\u00e9 et ce lieu de pri\u00e8res a re\u00e7u un nouveau clocher, don de M. Robert No\u00ebl, qui fut b\u00e9ni le 19 avril 1992. Le p\u00e8re Law allait aussi animer la messe dans diff\u00e9rents quartiers de Pointe-aux-Piments et il le faisait aussi le mardi soir dans la paroisse.<\/p>\n\n\n\n<p>En allant donner la communion aux malades, le p\u00e8re Law a r\u00e9alis\u00e9 que plusieurs familles vivaient dans une grande pauvret\u00e9.&nbsp; Il s\u2019est renseign\u00e9 davantage \u00e0 leur sujet et par la suite, il a contact\u00e9 un groupe de dames volontaires de Grand-Baie et sollicit\u00e9 leur aide. Elles n\u2019ont pas h\u00e9sit\u00e9 \u00e0 se d\u00e9placer pour aider les personnes les plus d\u00e9munies de la paroisse. Chaque mois, elles leur apportaient des vivres. Leur arriv\u00e9e au village suscitait l\u2019enthousiasme des enfants, qui en les voyant, criaient&nbsp;: \u00ab Madam Rouge p\u00e9 vini\u00bb car elles leur donnaient des friandises.&nbsp; Ces dames, qui n\u2019\u00e9taient pas de la Croix Rouge, apportaient \u00e9galement une lueur d&rsquo;espoir d\u2019un lendemain meilleur \u00e0 ces familles vuln\u00e9rables. &nbsp;<\/p>\n\n\n\n<p>Et \u00e0 chaque fin d&rsquo;ann\u00e9e, elles organisaient une f\u00eate et remettaient des cadeaux, offraient des rafra\u00eechissements et des g\u00e2teaux \u00e0 une centaine d&rsquo;enfants. Elles ont aussi contribu\u00e9 \u00e0 faire agrandir la maison d&rsquo;une de ces familles. Ce soutien b\u00e9n\u00e9vole s\u2019est poursuivi pendant des ann\u00e9es et cela m\u00eame apr\u00e8s le d\u00e9part du p\u00e8re Law.<\/p>\n\n\n\n<div class=\"wp-block-media-text is-stacked-on-mobile\"><figure class=\"wp-block-media-text__media\"><img loading=\"lazy\" decoding=\"async\" width=\"1024\" height=\"768\" src=\"https:\/\/eglise-saint-jean-marie-vianney.com\/wp-content\/uploads\/2024\/03\/418805625_733894062211135_5015353470700072540_n-1024x768.jpg\" alt=\"\" class=\"wp-image-2107 size-full\" srcset=\"https:\/\/eglise-saint-jean-marie-vianney.com\/wp-content\/uploads\/2024\/03\/418805625_733894062211135_5015353470700072540_n-1024x768.jpg 1024w, https:\/\/eglise-saint-jean-marie-vianney.com\/wp-content\/uploads\/2024\/03\/418805625_733894062211135_5015353470700072540_n-300x225.jpg 300w, https:\/\/eglise-saint-jean-marie-vianney.com\/wp-content\/uploads\/2024\/03\/418805625_733894062211135_5015353470700072540_n-768x576.jpg 768w, https:\/\/eglise-saint-jean-marie-vianney.com\/wp-content\/uploads\/2024\/03\/418805625_733894062211135_5015353470700072540_n-1536x1152.jpg 1536w, https:\/\/eglise-saint-jean-marie-vianney.com\/wp-content\/uploads\/2024\/03\/418805625_733894062211135_5015353470700072540_n.jpg 2048w\" sizes=\"auto, (max-width: 1024px) 100vw, 1024px\" \/><\/figure><div class=\"wp-block-media-text__content\">\n<p>De 1992 \u00e0 1998, les pr\u00eatres suivants ont offici\u00e9 dans la paroisse, \u00e0 savoir les p\u00e8res Jack Brown, Philippe Goupille, qui apporta sa contribution \u00e0 la sonorisation de l&rsquo;\u00e9glise, G\u00e9rard Guillemot, J. Le Pallu, Bernard Farelly, Jean-Claude V\u00e9der, Louis Verch\u00e8re, Tadeus et Mac Tiernan.<\/p>\n<\/div><\/div>\n\n\n\n<p>En 1992, alors que le p\u00e8re Goupille \u00e9tait toujours attach\u00e9 \u00e0 la paroisse, une d\u00e9l\u00e9gation de la Fondation Abb\u00e9 Pierre \u00e9tait en vacances \u00e0 Maurice et voulait venir en aide aux plus vuln\u00e9rables de la soci\u00e9t\u00e9 mauricienne. C&rsquo;est ainsi qu&rsquo;une rencontre entre la d\u00e9l\u00e9gation fran\u00e7aise, le p\u00e8re Goupille, Mme O. L\u00e9clezio et un repr\u00e9sentant du gouvernement a eu lieu chez Mme Hew Khee. Il faut alors d\u00e9cider de mettre au point un projet de logements pour les plus d\u00e9munis. Vu qu&rsquo;il n&rsquo;y avait pas de terrain disponible, Mme Hew Khee a demand\u00e9 au p\u00e8re Goupille de solliciter l\u2019usine sucri\u00e8re de Belle-Vue pour l\u2019obtention d\u2019un terrain susceptible d\u2019accueillir ce projet. Un terrain a donc \u00e9t\u00e9 achet\u00e9 et le projet a pris forme.<\/p>\n\n\n\n<p>En tant que cur\u00e9 nomm\u00e9 apr\u00e8s le d\u00e9part du p\u00e8re Goupille, le p\u00e8re Guillemot a mis en place une permanence \u00e0 la paroisse de Pointe-aux-Piments pour \u00eatre \u00e0 l&rsquo;\u00e9coute des fid\u00e8les et en particulier des jeunes. Ce service d\u2019\u00e9coute a rapproch\u00e9 les paroissiens de leur \u00e9glise. Il a consolid\u00e9 le conseil paroissial dont le premier pr\u00e9sident a \u00e9t\u00e9 M. Stellio Ami. Epaul\u00e9 par le jeune et dynamique p\u00e8re Tadeus, le p\u00e8re Guillemot a donn\u00e9 un nouveau souffle aux diff\u00e9rents mouvements de la paroisse. Ces deux pr\u00eatres y ont \u00e9t\u00e9 tr\u00e8s actifs jusqu&rsquo;\u00e0 leur d\u00e9part en 1998.<\/p>\n\n\n\n<p>Ce sont les p\u00e8res Guy Billaud et Mac Tiernan qui ont alors pris le relais en tant que cur\u00e9 et pr\u00eatre de la paroisse. Un cocktail d\u2019adieu a \u00e9t\u00e9 offert au p\u00e8re Mac Tiernan, qui dot\u00e9 d\u2019un grand talent de com\u00e9dien, s\u2019est d\u00e9vou\u00e9 sans rel\u00e2che pour rendre plus vivante la veill\u00e9e pascale de l\u2019an 2000. C\u2019est \u00e0 lui \u00e9galement que l\u2019on doit les belles d\u00e9corations de l\u2019\u00e9glise \u00e0 l\u2019occasion des 40 heures.<\/p>\n","protected":false},"excerpt":{"rendered":"<p>Dans les ann\u00e9es 1930, il n&rsquo;y avait pas de chapelle dans le village de Pointe-aux-Piments. De nombreux catholiques \u00e9taient alors oblig\u00e9s d\u2019aller assister \u00e0 la messe \u00e0 l\u2019\u00e9glise St Joseph, Terre Rouge, ou \u00e0 l\u2019\u00e9glise St Fran\u00e7ois d&rsquo;Assise \u00e0 Pamplemousses. A cette \u00e9poque, il n&rsquo;y avait pas de facilit\u00e9s de transport comme c\u2019est le cas aujourd\u2019hui. Selon les t\u00e9moignages de nos a\u00een\u00e9s, ils devaient se r\u00e9veiller \u00e0 trois heures du matin. Et celui qui se r\u00e9veillait en premier allait r\u00e9veiller les autres membres de la famille. Ceux qui allaient \u00e0 la messe \u00e0 Pamplemousses prenaient des raccourcis \u00e0 travers les&#8230; <\/p>\n","protected":false},"author":1,"featured_media":0,"parent":0,"menu_order":0,"comment_status":"closed","ping_status":"closed","template":"template-parts\/template-full-width.php","meta":{"footnotes":""},"class_list":["post-790","page","type-page","status-publish","hentry"],"_links":{"self":[{"href":"https:\/\/eglise-saint-jean-marie-vianney.com\/index.php?rest_route=\/wp\/v2\/pages\/790","targetHints":{"allow":["GET"]}}],"collection":[{"href":"https:\/\/eglise-saint-jean-marie-vianney.com\/index.php?rest_route=\/wp\/v2\/pages"}],"about":[{"href":"https:\/\/eglise-saint-jean-marie-vianney.com\/index.php?rest_route=\/wp\/v2\/types\/page"}],"author":[{"embeddable":true,"href":"https:\/\/eglise-saint-jean-marie-vianney.com\/index.php?rest_route=\/wp\/v2\/users\/1"}],"replies":[{"embeddable":true,"href":"https:\/\/eglise-saint-jean-marie-vianney.com\/index.php?rest_route=%2Fwp%2Fv2%2Fcomments&post=790"}],"version-history":[{"count":14,"href":"https:\/\/eglise-saint-jean-marie-vianney.com\/index.php?rest_route=\/wp\/v2\/pages\/790\/revisions"}],"predecessor-version":[{"id":2144,"href":"https:\/\/eglise-saint-jean-marie-vianney.com\/index.php?rest_route=\/wp\/v2\/pages\/790\/revisions\/2144"}],"wp:attachment":[{"href":"https:\/\/eglise-saint-jean-marie-vianney.com\/index.php?rest_route=%2Fwp%2Fv2%2Fmedia&parent=790"}],"curies":[{"name":"wp","href":"https:\/\/api.w.org\/{rel}","templated":true}]}}