{"id":618,"date":"2018-06-14T18:14:48","date_gmt":"2018-06-14T18:14:48","guid":{"rendered":"https:\/\/gracethemes.com\/demo\/combine\/?page_id=618"},"modified":"2024-03-21T19:22:57","modified_gmt":"2024-03-21T15:22:57","slug":"gallery","status":"publish","type":"page","link":"https:\/\/eglise-saint-jean-marie-vianney.com\/?page_id=618","title":{"rendered":"Gallerie"},"content":{"rendered":"<p>Bienvenue dans notre galerie d\u00e9di\u00e9e \u00e0 l&rsquo;\u00e9glise Saint Fran\u00e7ois d&rsquo;Assises de Pamplemousses et de Saint Jean Marie Vianney de Pointe aux Piments . Explorez ce sanctuaire virtuel o\u00f9 les images captivent l&rsquo;essence de notre foi et de notre communaut\u00e9. Des moments de c\u00e9l\u00e9bration, de pri\u00e8re et de partage sont immortalis\u00e9s dans ces clich\u00e9s, offrant une fen\u00eatre sur la richesse de notre histoire et de nos traditions. Que chaque image vous inspire et vous rapproche de notre belle communaut\u00e9 eccl\u00e9siastique.<\/p>\n<div class=\"photobooth\"><div class=\"row threecol portfoliowrap\"><div class=\"portfolio\"><div class=\"entry saint-jean-marie-vianney\">\r\n\t\t\t\t\t\t<div class=\"holderwrap\">\r\n\t\t\t\t\t\t  <figure class=\"effect-bubba\"> \r\n\t\t\t\t\t\t  \t<a href=\"https:\/\/eglise-saint-jean-marie-vianney.com\/wp-content\/uploads\/2024\/03\/Saint-Jean-Marie-Vianney-4-scaled-2.jpg\" data-rel=\"prettyPhoto[bkpGallery]\">\r\n\t\t\t\t\t\t\t <img decoding=\"async\" src=\"https:\/\/eglise-saint-jean-marie-vianney.com\/wp-content\/uploads\/2024\/03\/Saint-Jean-Marie-Vianney-4-scaled-2.jpg\"\/>\r\n\t\t\t\t\t\t\t <h5>Gallery 9<\/h5>\r\n\t\t\t\t\t\t\t <figcaption><\/figcaption>\r\n\t\t\t\t\t\t\t<\/a>\t\r\n\t\t\t\t\t\t\t<\/figure>\t\t\t\t\t\t\t\t\t\t\t\t\t\r\n\t\t\t\t\t\t<\/div>\r\n\t\t\t\t\t<\/div><div class=\"entry saint-jean-marie-vianney\">\r\n\t\t\t\t\t\t<div class=\"holderwrap\">\r\n\t\t\t\t\t\t  <figure class=\"effect-bubba\"> \r\n\t\t\t\t\t\t  \t<a href=\"https:\/\/eglise-saint-jean-marie-vianney.com\/wp-content\/uploads\/2024\/03\/271047457_321833446615165_2814031918694140172_n-1.jpg\" data-rel=\"prettyPhoto[bkpGallery]\">\r\n\t\t\t\t\t\t\t <img decoding=\"async\" src=\"https:\/\/eglise-saint-jean-marie-vianney.com\/wp-content\/uploads\/2024\/03\/271047457_321833446615165_2814031918694140172_n-1.jpg\"\/>\r\n\t\t\t\t\t\t\t <h5>Gallery 8<\/h5>\r\n\t\t\t\t\t\t\t <figcaption><\/figcaption>\r\n\t\t\t\t\t\t\t<\/a>\t\r\n\t\t\t\t\t\t\t<\/figure>\t\t\t\t\t\t\t\t\t\t\t\t\t\r\n\t\t\t\t\t\t<\/div>\r\n\t\t\t\t\t<\/div><div class=\"entry vente-de-roti-au-40-heures\">\r\n\t\t\t\t\t\t<div class=\"holderwrap\">\r\n\t\t\t\t\t\t  <figure class=\"effect-bubba\"> \r\n\t\t\t\t\t\t  \t<a href=\"https:\/\/eglise-saint-jean-marie-vianney.com\/wp-content\/uploads\/2024\/03\/432008036_420727013839855_2674297577559376664_n.jpeg\" data-rel=\"prettyPhoto[bkpGallery]\">\r\n\t\t\t\t\t\t\t <img decoding=\"async\" src=\"https:\/\/eglise-saint-jean-marie-vianney.com\/wp-content\/uploads\/2024\/03\/432008036_420727013839855_2674297577559376664_n.jpeg\"\/>\r\n\t\t\t\t\t\t\t <h5>Gallery 7<\/h5>\r\n\t\t\t\t\t\t\t <figcaption><\/figcaption>\r\n\t\t\t\t\t\t\t<\/a>\t\r\n\t\t\t\t\t\t\t<\/figure>\t\t\t\t\t\t\t\t\t\t\t\t\t\r\n\t\t\t\t\t\t<\/div>\r\n\t\t\t\t\t<\/div><div class=\"entry vente-de-roti-au-40-heures\">\r\n\t\t\t\t\t\t<div class=\"holderwrap\">\r\n\t\t\t\t\t\t  <figure class=\"effect-bubba\"> \r\n\t\t\t\t\t\t  \t<a href=\"https:\/\/eglise-saint-jean-marie-vianney.com\/wp-content\/uploads\/2024\/03\/431949838_381910358058513_3828092781043306205_n.jpeg\" data-rel=\"prettyPhoto[bkpGallery]\">\r\n\t\t\t\t\t\t\t <img decoding=\"async\" src=\"https:\/\/eglise-saint-jean-marie-vianney.com\/wp-content\/uploads\/2024\/03\/431949838_381910358058513_3828092781043306205_n.jpeg\"\/>\r\n\t\t\t\t\t\t\t <h5>Gallery Title 6<\/h5>\r\n\t\t\t\t\t\t\t <figcaption><\/figcaption>\r\n\t\t\t\t\t\t\t<\/a>\t\r\n\t\t\t\t\t\t\t<\/figure>\t\t\t\t\t\t\t\t\t\t\t\t\t\r\n\t\t\t\t\t\t<\/div>\r\n\t\t\t\t\t<\/div><div class=\"entry vente-de-roti-au-40-heures\">\r\n\t\t\t\t\t\t<div class=\"holderwrap\">\r\n\t\t\t\t\t\t  <figure class=\"effect-bubba\"> \r\n\t\t\t\t\t\t  \t<a href=\"https:\/\/eglise-saint-jean-marie-vianney.com\/wp-content\/uploads\/2024\/03\/431810932_787936672663967_3748176675702625415_n.jpeg\" data-rel=\"prettyPhoto[bkpGallery]\">\r\n\t\t\t\t\t\t\t <img decoding=\"async\" src=\"https:\/\/eglise-saint-jean-marie-vianney.com\/wp-content\/uploads\/2024\/03\/431810932_787936672663967_3748176675702625415_n.jpeg\"\/>\r\n\t\t\t\t\t\t\t <h5>Gallery Title 4<\/h5>\r\n\t\t\t\t\t\t\t <figcaption><\/figcaption>\r\n\t\t\t\t\t\t\t<\/a>\t\r\n\t\t\t\t\t\t\t<\/figure>\t\t\t\t\t\t\t\t\t\t\t\t\t\r\n\t\t\t\t\t\t<\/div>\r\n\t\t\t\t\t<\/div><div class=\"entry vente-de-roti-au-40-heures\">\r\n\t\t\t\t\t\t<div class=\"holderwrap\">\r\n\t\t\t\t\t\t  <figure class=\"effect-bubba\"> \r\n\t\t\t\t\t\t  \t<a href=\"https:\/\/eglise-saint-jean-marie-vianney.com\/wp-content\/uploads\/2024\/03\/431792343_1127363211738950_7290219509392161545_n.jpeg\" data-rel=\"prettyPhoto[bkpGallery]\">\r\n\t\t\t\t\t\t\t <img decoding=\"async\" src=\"https:\/\/eglise-saint-jean-marie-vianney.com\/wp-content\/uploads\/2024\/03\/431792343_1127363211738950_7290219509392161545_n.jpeg\"\/>\r\n\t\t\t\t\t\t\t <h5>Gallery Title 3<\/h5>\r\n\t\t\t\t\t\t\t <figcaption><\/figcaption>\r\n\t\t\t\t\t\t\t<\/a>\t\r\n\t\t\t\t\t\t\t<\/figure>\t\t\t\t\t\t\t\t\t\t\t\t\t\r\n\t\t\t\t\t\t<\/div>\r\n\t\t\t\t\t<\/div><div class=\"entry vente-de-roti-au-40-heures\">\r\n\t\t\t\t\t\t<div class=\"holderwrap\">\r\n\t\t\t\t\t\t  <figure class=\"effect-bubba\"> \r\n\t\t\t\t\t\t  \t<a href=\"https:\/\/eglise-saint-jean-marie-vianney.com\/wp-content\/uploads\/2024\/03\/431909366_383460194453459_6729967513375694723_n.jpeg\" data-rel=\"prettyPhoto[bkpGallery]\">\r\n\t\t\t\t\t\t\t <img decoding=\"async\" src=\"https:\/\/eglise-saint-jean-marie-vianney.com\/wp-content\/uploads\/2024\/03\/431909366_383460194453459_6729967513375694723_n.jpeg\"\/>\r\n\t\t\t\t\t\t\t <h5>Gallery Title 5<\/h5>\r\n\t\t\t\t\t\t\t <figcaption><\/figcaption>\r\n\t\t\t\t\t\t\t<\/a>\t\r\n\t\t\t\t\t\t\t<\/figure>\t\t\t\t\t\t\t\t\t\t\t\t\t\r\n\t\t\t\t\t\t<\/div>\r\n\t\t\t\t\t<\/div><div class=\"entry saint-jean-marie-vianney\">\r\n\t\t\t\t\t\t<div class=\"holderwrap\">\r\n\t\t\t\t\t\t  <figure class=\"effect-bubba\"> \r\n\t\t\t\t\t\t  \t<a href=\"https:\/\/eglise-saint-jean-marie-vianney.com\/wp-content\/uploads\/2024\/03\/418805625_733894062211135_5015353470700072540_n.jpg\" data-rel=\"prettyPhoto[bkpGallery]\">\r\n\t\t\t\t\t\t\t <img decoding=\"async\" src=\"https:\/\/eglise-saint-jean-marie-vianney.com\/wp-content\/uploads\/2024\/03\/418805625_733894062211135_5015353470700072540_n.jpg\"\/>\r\n\t\t\t\t\t\t\t <h5>Gallery Title 1<\/h5>\r\n\t\t\t\t\t\t\t <figcaption><\/figcaption>\r\n\t\t\t\t\t\t\t<\/a>\t\r\n\t\t\t\t\t\t\t<\/figure>\t\t\t\t\t\t\t\t\t\t\t\t\t\r\n\t\t\t\t\t\t<\/div>\r\n\t\t\t\t\t<\/div><div class=\"entry la-fabrique\">\r\n\t\t\t\t\t\t<div class=\"holderwrap\">\r\n\t\t\t\t\t\t  <figure class=\"effect-bubba\"> \r\n\t\t\t\t\t\t  \t<a href=\"https:\/\/eglise-saint-jean-marie-vianney.com\/wp-content\/uploads\/2024\/03\/DSC_3932-scaled.jpg\" data-rel=\"prettyPhoto[bkpGallery]\">\r\n\t\t\t\t\t\t\t <img decoding=\"async\" src=\"https:\/\/eglise-saint-jean-marie-vianney.com\/wp-content\/uploads\/2024\/03\/DSC_3932-scaled.jpg\"\/>\r\n\t\t\t\t\t\t\t <h5>Gallery Title 2<\/h5>\r\n\t\t\t\t\t\t\t <figcaption><\/figcaption>\r\n\t\t\t\t\t\t\t<\/a>\t\r\n\t\t\t\t\t\t\t<\/figure>\t\t\t\t\t\t\t\t\t\t\t\t\t\r\n\t\t\t\t\t\t<\/div>\r\n\t\t\t\t\t<\/div><\/div><\/div><\/div>\n\n\n<p><\/p>\n","protected":false},"excerpt":{"rendered":"<p>Bienvenue dans notre galerie d\u00e9di\u00e9e \u00e0 l&rsquo;\u00e9glise Saint Fran\u00e7ois d&rsquo;Assises de Pamplemousses et de Saint Jean Marie Vianney de Pointe aux Piments . Explorez ce sanctuaire virtuel o\u00f9 les images captivent l&rsquo;essence de notre foi et de notre communaut\u00e9. Des moments de c\u00e9l\u00e9bration, de pri\u00e8re et de partage sont immortalis\u00e9s dans ces clich\u00e9s, offrant une fen\u00eatre sur la richesse de notre histoire et de nos traditions. Que chaque image vous inspire et vous rapproche de notre belle communaut\u00e9 eccl\u00e9siastique.<\/p>\n","protected":false},"author":1,"featured_media":0,"parent":0,"menu_order":0,"comment_status":"closed","ping_status":"closed","template":"template-parts\/template-full-width.php","meta":{"footnotes":""},"class_list":["post-618","page","type-page","status-publish","hentry"],"_links":{"self":[{"href":"https:\/\/eglise-saint-jean-marie-vianney.com\/index.php?rest_route=\/wp\/v2\/pages\/618","targetHints":{"allow":["GET"]}}],"collection":[{"href":"https:\/\/eglise-saint-jean-marie-vianney.com\/index.php?rest_route=\/wp\/v2\/pages"}],"about":[{"href":"https:\/\/eglise-saint-jean-marie-vianney.com\/index.php?rest_route=\/wp\/v2\/types\/page"}],"author":[{"embeddable":true,"href":"https:\/\/eglise-saint-jean-marie-vianney.com\/index.php?rest_route=\/wp\/v2\/users\/1"}],"replies":[{"embeddable":true,"href":"https:\/\/eglise-saint-jean-marie-vianney.com\/index.php?rest_route=%2Fwp%2Fv2%2Fcomments&post=618"}],"version-history":[{"count":12,"href":"https:\/\/eglise-saint-jean-marie-vianney.com\/index.php?rest_route=\/wp\/v2\/pages\/618\/revisions"}],"predecessor-version":[{"id":2137,"href":"https:\/\/eglise-saint-jean-marie-vianney.com\/index.php?rest_route=\/wp\/v2\/pages\/618\/revisions\/2137"}],"wp:attachment":[{"href":"https:\/\/eglise-saint-jean-marie-vianney.com\/index.php?rest_route=%2Fwp%2Fv2%2Fmedia&parent=618"}],"curies":[{"name":"wp","href":"https:\/\/api.w.org\/{rel}","templated":true}]}}