{"id":2206,"date":"2024-03-30T18:17:28","date_gmt":"2024-03-30T14:17:28","guid":{"rendered":"https:\/\/eglise-saint-jean-marie-vianney.com\/?page_id=2206"},"modified":"2024-08-24T15:08:29","modified_gmt":"2024-08-24T11:08:29","slug":"les-annonces-de-la-semaine","status":"publish","type":"page","link":"https:\/\/eglise-saint-jean-marie-vianney.com\/?page_id=2206","title":{"rendered":"Les Annonces de la semaine:"},"content":{"rendered":"\n<p>Paroisse Saint Jean Marie Vianney Pointe aux Piments<\/p>\n\n\n\n<p>La Paroisse de St Jean Marie Vianney ,Pointe aux Piments en collaboration avec la congr\u00e9gation des Soeurs de Charit\u00e9 Notre Dame de Bon et Perpetuels Secours vous invite \u00e0 venir c\u00e9l\u00e9brer le bicentenaire de la naissance de M\u00e8re Augustine(fondatrice de la congr\u00e9gation) et t\u00e9moin de l\u2019amour par ses oeuvres de charit\u00e9, au cours d\u2019une messe d\u2019action de gr\u00e2ce le Samedi 31 Aout 2024 \u00e0 17 h.<\/p>\n\n\n\n<p>La c\u00e9l\u00e9bration sera presid\u00e9e par Mgr Jean Michael Durhone. Elle sera pr\u00e9c\u00e9d\u00e9e par une procession qui d\u00e9butera \u00e0 16 h sur une ancienne propri\u00e9t\u00e9 de la famille de M\u00e8re Augustine. Les paroissiens esp\u00e8rent \u00eatre honor\u00e9s par votre pr\u00e9sence.<\/p>\n","protected":false},"excerpt":{"rendered":"<p>Paroisse Saint Jean Marie Vianney Pointe aux Piments La Paroisse de St Jean Marie Vianney ,Pointe aux Piments en collaboration avec la congr\u00e9gation des Soeurs de Charit\u00e9 Notre Dame de Bon et Perpetuels Secours vous invite \u00e0 venir c\u00e9l\u00e9brer le bicentenaire de la naissance de M\u00e8re Augustine(fondatrice de la congr\u00e9gation) et t\u00e9moin de l\u2019amour par ses oeuvres de charit\u00e9, au cours d\u2019une messe d\u2019action de gr\u00e2ce le Samedi 31 Aout 2024 \u00e0 17 h. La c\u00e9l\u00e9bration sera presid\u00e9e par Mgr Jean Michael Durhone. Elle sera pr\u00e9c\u00e9d\u00e9e par une procession qui d\u00e9butera \u00e0 16 h sur une ancienne propri\u00e9t\u00e9 de la&#8230; <\/p>\n","protected":false},"author":1,"featured_media":0,"parent":0,"menu_order":0,"comment_status":"closed","ping_status":"closed","template":"","meta":{"footnotes":""},"class_list":["post-2206","page","type-page","status-publish","hentry"],"_links":{"self":[{"href":"https:\/\/eglise-saint-jean-marie-vianney.com\/index.php?rest_route=\/wp\/v2\/pages\/2206","targetHints":{"allow":["GET"]}}],"collection":[{"href":"https:\/\/eglise-saint-jean-marie-vianney.com\/index.php?rest_route=\/wp\/v2\/pages"}],"about":[{"href":"https:\/\/eglise-saint-jean-marie-vianney.com\/index.php?rest_route=\/wp\/v2\/types\/page"}],"author":[{"embeddable":true,"href":"https:\/\/eglise-saint-jean-marie-vianney.com\/index.php?rest_route=\/wp\/v2\/users\/1"}],"replies":[{"embeddable":true,"href":"https:\/\/eglise-saint-jean-marie-vianney.com\/index.php?rest_route=%2Fwp%2Fv2%2Fcomments&post=2206"}],"version-history":[{"count":2,"href":"https:\/\/eglise-saint-jean-marie-vianney.com\/index.php?rest_route=\/wp\/v2\/pages\/2206\/revisions"}],"predecessor-version":[{"id":2217,"href":"https:\/\/eglise-saint-jean-marie-vianney.com\/index.php?rest_route=\/wp\/v2\/pages\/2206\/revisions\/2217"}],"wp:attachment":[{"href":"https:\/\/eglise-saint-jean-marie-vianney.com\/index.php?rest_route=%2Fwp%2Fv2%2Fmedia&parent=2206"}],"curies":[{"name":"wp","href":"https:\/\/api.w.org\/{rel}","templated":true}]}}