{"id":2078,"date":"2024-03-17T12:57:21","date_gmt":"2024-03-17T08:57:21","guid":{"rendered":"https:\/\/eglise-saint-francois-dassise.com\/?page_id=2078"},"modified":"2024-03-29T21:31:58","modified_gmt":"2024-03-29T17:31:58","slug":"horaires-des-messes","status":"publish","type":"page","link":"https:\/\/eglise-saint-jean-marie-vianney.com\/?page_id=2078","title":{"rendered":"Horaires des messes"},"content":{"rendered":"\n<h2 class=\"wp-block-heading\">Paroisse Saint Jean Marie Vianney<\/h2>\n\n\n\n<ul class=\"wp-block-list\">\n<li><strong>Lundi <\/strong>&#8211;  Pri\u00e8re \u00e0 l\u2019\u00e9glise par le groupe Saint Esprit \u00e0 18h30<\/li>\n\n\n\n<li><strong>Mardi <\/strong>&#8211; Confession \u00e0 l\u2019\u00e9glise \u00e0 17h30 et Messe \u00e0 18h<\/li>\n\n\n\n<li><strong>Jeudi<\/strong> &#8211; Pri\u00e8re \u00e0 l\u2019\u00e9glise par le groupe Renouveau Charismatique &lt; La Pierre Vivante &gt; \u00e0 18h<\/li>\n\n\n\n<li><strong>Dimanche<\/strong>\u00a0&#8211; Messe dominicale \u00e0 8h<\/li>\n<\/ul>\n\n\n\n<p><strong>3<sup>\u00e8me<\/sup> dimanche du mois&nbsp;<\/strong><\/p>\n\n\n\n<ul class=\"wp-block-list\">\n<li>Bapt\u00eame \u00e0 l\u2019\u00e9glise<\/li>\n<\/ul>\n\n\n\n<p><strong>3<sup>\u00e8me<\/sup> samedi du mois&nbsp;:<\/strong><\/p>\n\n\n\n<ul class=\"wp-block-list\">\n<li>Pr\u00e9paration des bapt\u00eames \u00e0 l\u2019\u00e9glise \u00e0 16h<\/li>\n<\/ul>\n\n\n\n<p><strong>Dernier dimanche du mois&nbsp;<\/strong><\/p>\n\n\n\n<ul class=\"wp-block-list\">\n<li>B\u00e9n\u00e9diction des couples c\u00e9l\u00e9brant leur anniversaire de vie mariage pendant la messe dominicale<\/li>\n<\/ul>\n\n\n\n<p><strong>Dimanche 4 ao\u00fbt 2024<\/strong><\/p>\n\n\n\n<ul class=\"wp-block-list\">\n<li>F\u00eate patronale (Saint Jean Marie Vianney)<\/li>\n<\/ul>\n\n\n\n<h2 class=\"wp-block-heading\">Paroisse Saint Fran\u00e7ois d\u2019Assise, Pamplemousses<\/h2>\n\n\n\n<ul class=\"wp-block-list\">\n<li>Mercredi \u00e0 18:30 (Messe live sur Youtube et Facebook)<\/li>\n\n\n\n<li>Vendredi \u00e0 midi<\/li>\n\n\n\n<li>Samedi \u00e0 16 :00<\/li>\n\n\n\n<li>Dimanche \u00e0 09:30 (Messe live sur Youtube et Facebook)<\/li>\n\n\n\n<li>Messe en anglais \u00e0 11.00 (Le deuxi\u00e8me, troisi\u00e8me et quatri\u00e8me dimanche du mois)<\/li>\n<\/ul>\n\n\n\n<h2 class=\"wp-block-heading\">Messe \u00e0 St Georges, Labourdonnais<\/h2>\n\n\n\n<p>Samedi \u00e0 17:30<\/p>\n","protected":false},"excerpt":{"rendered":"<p>Paroisse Saint Jean Marie Vianney 3\u00e8me dimanche du mois&nbsp; 3\u00e8me samedi du mois&nbsp;: Dernier dimanche du mois&nbsp; Dimanche 4 ao\u00fbt 2024 Paroisse Saint Fran\u00e7ois d\u2019Assise, Pamplemousses Messe \u00e0 St Georges, Labourdonnais Samedi \u00e0 17:30<\/p>\n","protected":false},"author":1,"featured_media":0,"parent":0,"menu_order":0,"comment_status":"closed","ping_status":"closed","template":"","meta":{"footnotes":""},"class_list":["post-2078","page","type-page","status-publish","hentry"],"_links":{"self":[{"href":"https:\/\/eglise-saint-jean-marie-vianney.com\/index.php?rest_route=\/wp\/v2\/pages\/2078","targetHints":{"allow":["GET"]}}],"collection":[{"href":"https:\/\/eglise-saint-jean-marie-vianney.com\/index.php?rest_route=\/wp\/v2\/pages"}],"about":[{"href":"https:\/\/eglise-saint-jean-marie-vianney.com\/index.php?rest_route=\/wp\/v2\/types\/page"}],"author":[{"embeddable":true,"href":"https:\/\/eglise-saint-jean-marie-vianney.com\/index.php?rest_route=\/wp\/v2\/users\/1"}],"replies":[{"embeddable":true,"href":"https:\/\/eglise-saint-jean-marie-vianney.com\/index.php?rest_route=%2Fwp%2Fv2%2Fcomments&post=2078"}],"version-history":[{"count":4,"href":"https:\/\/eglise-saint-jean-marie-vianney.com\/index.php?rest_route=\/wp\/v2\/pages\/2078\/revisions"}],"predecessor-version":[{"id":2199,"href":"https:\/\/eglise-saint-jean-marie-vianney.com\/index.php?rest_route=\/wp\/v2\/pages\/2078\/revisions\/2199"}],"wp:attachment":[{"href":"https:\/\/eglise-saint-jean-marie-vianney.com\/index.php?rest_route=%2Fwp%2Fv2%2Fmedia&parent=2078"}],"curies":[{"name":"wp","href":"https:\/\/api.w.org\/{rel}","templated":true}]}}