{"id":1864,"date":"2024-02-27T13:02:27","date_gmt":"2024-02-27T09:02:27","guid":{"rendered":"https:\/\/ere-client.site\/?page_id=1864"},"modified":"2024-03-29T21:38:39","modified_gmt":"2024-03-29T17:38:39","slug":"event","status":"publish","type":"page","link":"https:\/\/eglise-saint-jean-marie-vianney.com\/?page_id=1864","title":{"rendered":"Ev\u00e9n\u00e8ments \u00e0 venir,"},"content":{"rendered":"\n<div class=\"wp-block-group\"><div class=\"wp-block-group__inner-container is-layout-constrained wp-block-group-is-layout-constrained\">\n<div class=\"wp-block-group\"><div class=\"wp-block-group__inner-container is-layout-constrained wp-block-group-is-layout-constrained\">\n<div class=\"wp-block-group\"><div class=\"wp-block-group__inner-container is-layout-constrained wp-block-group-is-layout-constrained\">\n<div class=\"wp-block-group\"><div class=\"wp-block-group__inner-container is-layout-constrained wp-block-group-is-layout-constrained\"><div class=\"our_event_list\">\t\t\t\t\t   \r\n\t\t\t\t\t   \r\n\t\t\t\t\t   <div class=\"event_common event_imagebox\">\r\n\t\t\t\t\t\t\t<div class=\"eventthumb\">\r\n\t\t\t\t\t\t\t\t<a href=\"https:\/\/eglise-saint-jean-marie-vianney.com\/?our-events=fete-patronale-saint-jean-marie-vianney\"><img decoding=\"async\" src=\"https:\/\/eglise-saint-jean-marie-vianney.com\/wp-content\/uploads\/2024\/03\/Saint-Jean-Marie-Vianney-1-scaled-2.jpg\"\/><\/a>\r\n\t\t\t\t\t\t\t<\/div>\t\t\t\t\t\t\t\r\n\t\t\t\t\t   <\/div>\r\n\t\t\t\t\t   \r\n\t\t\t\t\t   <div class=\"event_common event_date\">\r\n\t\t\t\t\t\t  <div class=\"day_month\"><h4>04 Aug \/ 2024<\/h4><\/div>\r\n\t\t\t\t\t   <\/div>\t\t\t\t\t   \r\n\t\t\t\t\t   \r\n\t\t\t\t\t\t<div class=\"event_common event_infodetailsbox\">\t\t\t\t\t\t\t\r\n\t\t\t\t\t\t\t   <div class=\"eventtexttitle\"><a href=\"https:\/\/eglise-saint-jean-marie-vianney.com\/?our-events=fete-patronale-saint-jean-marie-vianney\">F\u00eate patronale (Saint Jean Marie Vianney)<\/a><\/div>\r\n\t\t\t\t\t\t\t   <div class=\"event_time\"><i class=\"far fa-clock\"><\/i> <\/div>\r\n\t\t\t\t\t\t\t   <div class=\"event_descbx\"><i class=\"fas fa-map-marker-alt\"><\/i> Eglise de St Jean Marie Vianney, Pointe aux Piments<\/div>\t\t\t\t\t\t  \r\n\t\t\t\t\t\t   <div class=\"clear\"><\/div>\t   \r\n\t\t\t\t\t   <\/div>\r\n\t\t\t\t\t\t\r\n\t\t\t\t\t\t<div class=\"event_common event_readmore\"> \r\n\t\t\t\t\t\t \r\n\t\t\t\t\t\t   \t\r\n\t\t\t\t\t\t<\/div>\r\n\t\t\t\t\t\r\n\t\t\t\t\t\r\n\t\t\t\t\t<div class=\"clear\"><\/div>\r\n\t\t\t\t<\/div><div class=\"our_event_list\">\t\t\t\t\t   \r\n\t\t\t\t\t   \r\n\t\t\t\t\t   <div class=\"event_common event_imagebox\">\r\n\t\t\t\t\t\t\t<div class=\"eventthumb\">\r\n\t\t\t\t\t\t\t\t<a href=\"https:\/\/eglise-saint-jean-marie-vianney.com\/?our-events=global-education\"><img decoding=\"async\" src=\"https:\/\/eglise-saint-jean-marie-vianney.com\/wp-content\/uploads\/2019\/08\/event_img1-2.jpg\"\/><\/a>\r\n\t\t\t\t\t\t\t<\/div>\t\t\t\t\t\t\t\r\n\t\t\t\t\t   <\/div>\r\n\t\t\t\t\t   \r\n\t\t\t\t\t   <div class=\"event_common event_date\">\r\n\t\t\t\t\t\t  <div class=\"day_month\"><h4>13 Jul \/ 2024<\/h4><\/div>\r\n\t\t\t\t\t   <\/div>\t\t\t\t\t   \r\n\t\t\t\t\t   \r\n\t\t\t\t\t\t<div class=\"event_common event_infodetailsbox\">\t\t\t\t\t\t\t\r\n\t\t\t\t\t\t\t   <div class=\"eventtexttitle\"><a href=\"https:\/\/eglise-saint-jean-marie-vianney.com\/?our-events=global-education\">Sacrement du Pardon et de la R\u00e9conciliation le samedi 13 Juillet 2024 \u00e0 9 heures<\/a><\/div>\r\n\t\t\t\t\t\t\t   <div class=\"event_time\"><i class=\"far fa-clock\"><\/i> 9:00 am<\/div>\r\n\t\t\t\t\t\t\t   <div class=\"event_descbx\"><i class=\"fas fa-map-marker-alt\"><\/i> Eglise de St Fran\u00e7ois d\u2019Assise, Pamplemousses<\/div>\t\t\t\t\t\t  \r\n\t\t\t\t\t\t   <div class=\"clear\"><\/div>\t   \r\n\t\t\t\t\t   <\/div>\r\n\t\t\t\t\t\t\r\n\t\t\t\t\t\t<div class=\"event_common event_readmore\"> \r\n\t\t\t\t\t\t \r\n\t\t\t\t\t\t   \t\r\n\t\t\t\t\t\t<\/div>\r\n\t\t\t\t\t\r\n\t\t\t\t\t\r\n\t\t\t\t\t<div class=\"clear\"><\/div>\r\n\t\t\t\t<\/div><div class=\"our_event_list\">\t\t\t\t\t   \r\n\t\t\t\t\t   \r\n\t\t\t\t\t   <div class=\"event_common event_imagebox\">\r\n\t\t\t\t\t\t\t<div class=\"eventthumb\">\r\n\t\t\t\t\t\t\t\t<a href=\"https:\/\/eglise-saint-jean-marie-vianney.com\/?our-events=dinner-party\"><img decoding=\"async\" src=\"https:\/\/eglise-saint-jean-marie-vianney.com\/wp-content\/uploads\/2024\/03\/images-4.jpeg\"\/><\/a>\r\n\t\t\t\t\t\t\t<\/div>\t\t\t\t\t\t\t\r\n\t\t\t\t\t   <\/div>\r\n\t\t\t\t\t   \r\n\t\t\t\t\t   <div class=\"event_common event_date\">\r\n\t\t\t\t\t\t  <div class=\"day_month\"><h4>29 Jun \/ 2024<\/h4><\/div>\r\n\t\t\t\t\t   <\/div>\t\t\t\t\t   \r\n\t\t\t\t\t   \r\n\t\t\t\t\t\t<div class=\"event_common event_infodetailsbox\">\t\t\t\t\t\t\t\r\n\t\t\t\t\t\t\t   <div class=\"eventtexttitle\"><a href=\"https:\/\/eglise-saint-jean-marie-vianney.com\/?our-events=dinner-party\">Lev\u00e9e de fonds, le 29 Juin 2024 au Hua Lien club \u00e0 Trianon<\/a><\/div>\r\n\t\t\t\t\t\t\t   <div class=\"event_time\"><i class=\"far fa-clock\"><\/i> 17:00  to  23:00  pm<\/div>\r\n\t\t\t\t\t\t\t   <div class=\"event_descbx\"><i class=\"fas fa-map-marker-alt\"><\/i>  Dr Maxime Shun Shin Street, Trianon, Quatre-Bornes<\/div>\t\t\t\t\t\t  \r\n\t\t\t\t\t\t   <div class=\"clear\"><\/div>\t   \r\n\t\t\t\t\t   <\/div>\r\n\t\t\t\t\t\t\r\n\t\t\t\t\t\t<div class=\"event_common event_readmore\"> \r\n\t\t\t\t\t\t \r\n\t\t\t\t\t\t   \t\r\n\t\t\t\t\t\t<\/div>\r\n\t\t\t\t\t\r\n\t\t\t\t\t\r\n\t\t\t\t\t<div class=\"clear\"><\/div>\r\n\t\t\t\t<\/div><div class=\"clear\"><\/div>\n<\/div><\/div>\n<\/div><\/div>\n<\/div><\/div>\n<\/div><\/div>\n","protected":false},"excerpt":{"rendered":"","protected":false},"author":1,"featured_media":0,"parent":0,"menu_order":0,"comment_status":"closed","ping_status":"closed","template":"","meta":{"footnotes":""},"class_list":["post-1864","page","type-page","status-publish","hentry"],"_links":{"self":[{"href":"https:\/\/eglise-saint-jean-marie-vianney.com\/index.php?rest_route=\/wp\/v2\/pages\/1864","targetHints":{"allow":["GET"]}}],"collection":[{"href":"https:\/\/eglise-saint-jean-marie-vianney.com\/index.php?rest_route=\/wp\/v2\/pages"}],"about":[{"href":"https:\/\/eglise-saint-jean-marie-vianney.com\/index.php?rest_route=\/wp\/v2\/types\/page"}],"author":[{"embeddable":true,"href":"https:\/\/eglise-saint-jean-marie-vianney.com\/index.php?rest_route=\/wp\/v2\/users\/1"}],"replies":[{"embeddable":true,"href":"https:\/\/eglise-saint-jean-marie-vianney.com\/index.php?rest_route=%2Fwp%2Fv2%2Fcomments&post=1864"}],"version-history":[{"count":21,"href":"https:\/\/eglise-saint-jean-marie-vianney.com\/index.php?rest_route=\/wp\/v2\/pages\/1864\/revisions"}],"predecessor-version":[{"id":2200,"href":"https:\/\/eglise-saint-jean-marie-vianney.com\/index.php?rest_route=\/wp\/v2\/pages\/1864\/revisions\/2200"}],"wp:attachment":[{"href":"https:\/\/eglise-saint-jean-marie-vianney.com\/index.php?rest_route=%2Fwp%2Fv2%2Fmedia&parent=1864"}],"curies":[{"name":"wp","href":"https:\/\/api.w.org\/{rel}","templated":true}]}}