{"id":1852,"date":"2024-02-27T12:39:33","date_gmt":"2024-02-27T08:39:33","guid":{"rendered":"https:\/\/ere-client.site\/?page_id=1852"},"modified":"2024-03-29T13:22:16","modified_gmt":"2024-03-29T09:22:16","slug":"our-team","status":"publish","type":"page","link":"https:\/\/eglise-saint-jean-marie-vianney.com\/?page_id=1852","title":{"rendered":"Notre Equipe"},"content":{"rendered":"\n<p>Nous sommes toujours heureux de recevoir vos retours, vos id\u00e9es et vos contributions. Pour nous contacter, vous pouvez nous \u00e9crire \u00e0 travers notre site internet \u2013 rubrique \u2018Nous Contacter\u2019. Nous lisons attentivement chaque email et nous nous effor\u00e7ons de r\u00e9pondre \u00e0 tous dans les meilleurs d\u00e9lais.<\/p>\n\n\n\n<p>Nous tenons \u00e0 vous remercier pour votre soutien et votre engagement envers notre magazine paroissial. Nous avons h\u00e2te de partager de nouveaux moments de foi, d\u2019inspiration et de partage avec vous dans les prochains num\u00e9ros.<\/p>\n\n\n\n<div class=\"wp-block-group\"><div class=\"wp-block-group__inner-container is-layout-constrained wp-block-group-is-layout-constrained\"><div id=\"team_members\"><div class=\"teammember-list col4\"><div class=\"thumnailbx\"><a class=\"hvr-grow\" href=\"https:\/\/eglise-saint-jean-marie-vianney.com\/?team=pere-jocelyn-gregoire\"><img loading=\"lazy\" decoding=\"async\" width=\"400\" height=\"365\" src=\"https:\/\/eglise-saint-jean-marie-vianney.com\/wp-content\/uploads\/2024\/02\/Grgoire_Jocelyn_2_copy_1dbd3d3ca2e06737716053aba59ced3f.jpg\" class=\"attachment-post-thumbnail size-post-thumbnail wp-post-image\" alt=\"\" srcset=\"https:\/\/eglise-saint-jean-marie-vianney.com\/wp-content\/uploads\/2024\/02\/Grgoire_Jocelyn_2_copy_1dbd3d3ca2e06737716053aba59ced3f.jpg 400w, https:\/\/eglise-saint-jean-marie-vianney.com\/wp-content\/uploads\/2024\/02\/Grgoire_Jocelyn_2_copy_1dbd3d3ca2e06737716053aba59ced3f-300x274.jpg 300w\" sizes=\"auto, (max-width: 400px) 100vw, 400px\" \/><\/a><\/div><div class=\"titledesbox\">\r\n\t\t\t\t            <span class=\"title\">Le P\u00e8re Jocelyn Gr\u00e9goire<\/span>\r\n\t\t\t\t\t\t\t<cite>P\u00e8re Jocelyn Gr\u00e9goire, CSSp.<\/cite>\t\t\t\t\t\t\t\r\n\t\t\t\t\t\t\t<\/div><div class=\"member-social-icon\"><a href=\"#\" title=\"fab fa-facebook-f\" target=\"_blank\"><i class=\"fab fa-facebook-f fa-lg\"><\/i><\/a><a href=\"#\" title=\"fab fa-twitter\" target=\"_blank\"><i class=\"fab fa-twitter fa-lg\"><\/i><\/a><a href=\"#\" title=\"fab fa-linkedin\" target=\"_blank\"><i class=\"fab fa-linkedin fa-lg\"><\/i><\/a><\/div><\/div><div class=\"teammember-list col4\"><div class=\"thumnailbx\"><a class=\"hvr-grow\" href=\"https:\/\/eglise-saint-jean-marie-vianney.com\/?team=sara-lutchman\"><img loading=\"lazy\" decoding=\"async\" width=\"271\" height=\"339\" src=\"https:\/\/eglise-saint-jean-marie-vianney.com\/wp-content\/uploads\/2019\/02\/member01-2.jpg\" class=\"attachment-post-thumbnail size-post-thumbnail wp-post-image\" alt=\"\" srcset=\"https:\/\/eglise-saint-jean-marie-vianney.com\/wp-content\/uploads\/2019\/02\/member01-2.jpg 271w, https:\/\/eglise-saint-jean-marie-vianney.com\/wp-content\/uploads\/2019\/02\/member01-2-240x300.jpg 240w\" sizes=\"auto, (max-width: 271px) 100vw, 271px\" \/><\/a><\/div><div class=\"titledesbox\">\r\n\t\t\t\t            <span class=\"title\">Sara Lutchman<\/span>\r\n\t\t\t\t\t\t\t<cite>R\u00e9dactrice<\/cite>\t\t\t\t\t\t\t\r\n\t\t\t\t\t\t\t<\/div><div class=\"member-social-icon\"><a href=\"\" title=\"fab fa-facebook-f\" target=\"_blank\"><i class=\"fab fa-facebook-f fa-lg\"><\/i><\/a><a href=\"\" title=\"fab fa-twitter\" target=\"_blank\"><i class=\"fab fa-twitter fa-lg\"><\/i><\/a><a href=\"\" title=\"fab fa-linkedin\" target=\"_blank\"><i class=\"fab fa-linkedin fa-lg\"><\/i><\/a><\/div><\/div><div class=\"teammember-list col4\"><div class=\"thumnailbx\"><a class=\"hvr-grow\" href=\"https:\/\/eglise-saint-jean-marie-vianney.com\/?team=francoise-lutchman\"><img loading=\"lazy\" decoding=\"async\" width=\"271\" height=\"339\" src=\"https:\/\/eglise-saint-jean-marie-vianney.com\/wp-content\/uploads\/2019\/02\/member01-2.jpg\" class=\"attachment-post-thumbnail size-post-thumbnail wp-post-image\" alt=\"\" srcset=\"https:\/\/eglise-saint-jean-marie-vianney.com\/wp-content\/uploads\/2019\/02\/member01-2.jpg 271w, https:\/\/eglise-saint-jean-marie-vianney.com\/wp-content\/uploads\/2019\/02\/member01-2-240x300.jpg 240w\" sizes=\"auto, (max-width: 271px) 100vw, 271px\" \/><\/a><\/div><div class=\"titledesbox\">\r\n\t\t\t\t            <span class=\"title\">Fran\u00e7oise Lutchman<\/span>\r\n\t\t\t\t\t\t\t<cite>Correctrice<\/cite>\t\t\t\t\t\t\t\r\n\t\t\t\t\t\t\t<\/div><div class=\"member-social-icon\"><a href=\"\" title=\"fab fa-facebook-f\" target=\"_blank\"><i class=\"fab fa-facebook-f fa-lg\"><\/i><\/a><a href=\"\" title=\"fab fa-twitter\" target=\"_blank\"><i class=\"fab fa-twitter fa-lg\"><\/i><\/a><a href=\"\" title=\"fab fa-linkedin\" target=\"_blank\"><i class=\"fab fa-linkedin fa-lg\"><\/i><\/a><\/div><\/div><div class=\"teammember-list col4 lastcols\"><div class=\"thumnailbx\"><a class=\"hvr-grow\" href=\"https:\/\/eglise-saint-jean-marie-vianney.com\/?team=coralie-lodoiska-soopaul\"><img loading=\"lazy\" decoding=\"async\" width=\"271\" height=\"339\" src=\"https:\/\/eglise-saint-jean-marie-vianney.com\/wp-content\/uploads\/2019\/02\/member01-2.jpg\" class=\"attachment-post-thumbnail size-post-thumbnail wp-post-image\" alt=\"\" srcset=\"https:\/\/eglise-saint-jean-marie-vianney.com\/wp-content\/uploads\/2019\/02\/member01-2.jpg 271w, https:\/\/eglise-saint-jean-marie-vianney.com\/wp-content\/uploads\/2019\/02\/member01-2-240x300.jpg 240w\" sizes=\"auto, (max-width: 271px) 100vw, 271px\" \/><\/a><\/div><div class=\"titledesbox\">\r\n\t\t\t\t            <span class=\"title\">Coralie Lodo\u00efska-Soopaul<\/span>\r\n\t\t\t\t\t\t\t<cite>Pr\u00e9sidente du conseil paroissial<\/cite>\t\t\t\t\t\t\t\r\n\t\t\t\t\t\t\t<\/div><div class=\"member-social-icon\"><a href=\"\" title=\"fab fa-facebook-f\" target=\"_blank\"><i class=\"fab fa-facebook-f fa-lg\"><\/i><\/a><a href=\"\" title=\"fab fa-twitter\" target=\"_blank\"><i class=\"fab fa-twitter fa-lg\"><\/i><\/a><a href=\"\" title=\"fab fa-linkedin\" target=\"_blank\"><i class=\"fab fa-linkedin fa-lg\"><\/i><\/a><\/div><\/div><div class=\"teammember-list col4\"><div class=\"thumnailbx\"><a class=\"hvr-grow\" href=\"https:\/\/eglise-saint-jean-marie-vianney.com\/?team=tristan-medard\"><img loading=\"lazy\" decoding=\"async\" width=\"271\" height=\"339\" src=\"https:\/\/eglise-saint-jean-marie-vianney.com\/wp-content\/uploads\/2019\/02\/member03-2.jpg\" class=\"attachment-post-thumbnail size-post-thumbnail wp-post-image\" alt=\"\" srcset=\"https:\/\/eglise-saint-jean-marie-vianney.com\/wp-content\/uploads\/2019\/02\/member03-2.jpg 271w, https:\/\/eglise-saint-jean-marie-vianney.com\/wp-content\/uploads\/2019\/02\/member03-2-240x300.jpg 240w\" sizes=\"auto, (max-width: 271px) 100vw, 271px\" \/><\/a><\/div><div class=\"titledesbox\">\r\n\t\t\t\t            <span class=\"title\">Tristan Medard<\/span>\r\n\t\t\t\t\t\t\t<cite>R\u00e9dacteur<\/cite>\t\t\t\t\t\t\t\r\n\t\t\t\t\t\t\t<\/div><div class=\"member-social-icon\"><a href=\"\" title=\"fab fa-facebook-f\" target=\"_blank\"><i class=\"fab fa-facebook-f fa-lg\"><\/i><\/a><a href=\"\" title=\"fab fa-twitter\" target=\"_blank\"><i class=\"fab fa-twitter fa-lg\"><\/i><\/a><a href=\"\" title=\"fab fa-linkedin\" target=\"_blank\"><i class=\"fab fa-linkedin fa-lg\"><\/i><\/a><\/div><\/div><div class=\"teammember-list col4\"><div class=\"thumnailbx\"><a class=\"hvr-grow\" href=\"https:\/\/eglise-saint-jean-marie-vianney.com\/?team=marie-annick\"><img loading=\"lazy\" decoding=\"async\" width=\"271\" height=\"339\" src=\"https:\/\/eglise-saint-jean-marie-vianney.com\/wp-content\/uploads\/2019\/02\/member03-2.jpg\" class=\"attachment-post-thumbnail size-post-thumbnail wp-post-image\" alt=\"\" srcset=\"https:\/\/eglise-saint-jean-marie-vianney.com\/wp-content\/uploads\/2019\/02\/member03-2.jpg 271w, https:\/\/eglise-saint-jean-marie-vianney.com\/wp-content\/uploads\/2019\/02\/member03-2-240x300.jpg 240w\" sizes=\"auto, (max-width: 271px) 100vw, 271px\" \/><\/a><\/div><div class=\"titledesbox\">\r\n\t\t\t\t            <span class=\"title\">Marie-Annick Savripene<\/span>\r\n\t\t\t\t\t\t\t<cite>secr\u00e9taires de r\u00e9daction <\/cite>\t\t\t\t\t\t\t\r\n\t\t\t\t\t\t\t<\/div><div class=\"member-social-icon\"><a href=\"#\" title=\"fab fa-facebook-f\" target=\"_blank\"><i class=\"fab fa-facebook-f fa-lg\"><\/i><\/a><a href=\"#\" title=\"fab fa-twitter\" target=\"_blank\"><i class=\"fab fa-twitter fa-lg\"><\/i><\/a><a href=\"#\" title=\"fab fa-youtube\" target=\"_blank\"><i class=\"fab fa-youtube fa-lg\"><\/i><\/a><\/div><\/div><div class=\"teammember-list col4\"><div class=\"thumnailbx\"><a class=\"hvr-grow\" href=\"https:\/\/eglise-saint-jean-marie-vianney.com\/?team=aurelie\"><img loading=\"lazy\" decoding=\"async\" width=\"271\" height=\"339\" src=\"https:\/\/eglise-saint-jean-marie-vianney.com\/wp-content\/uploads\/2019\/02\/member01-2.jpg\" class=\"attachment-post-thumbnail size-post-thumbnail wp-post-image\" alt=\"\" srcset=\"https:\/\/eglise-saint-jean-marie-vianney.com\/wp-content\/uploads\/2019\/02\/member01-2.jpg 271w, https:\/\/eglise-saint-jean-marie-vianney.com\/wp-content\/uploads\/2019\/02\/member01-2-240x300.jpg 240w\" sizes=\"auto, (max-width: 271px) 100vw, 271px\" \/><\/a><\/div><div class=\"titledesbox\">\r\n\t\t\t\t            <span class=\"title\">Aur\u00e9lie Lodo\u00efska-Beesoon<\/span>\r\n\t\t\t\t\t\t\t<cite>secr\u00e9taires de r\u00e9daction <\/cite>\t\t\t\t\t\t\t\r\n\t\t\t\t\t\t\t<\/div><div class=\"member-social-icon\"><a href=\"#\" title=\"fab fa-facebook-f\" target=\"_blank\"><i class=\"fab fa-facebook-f fa-lg\"><\/i><\/a><a href=\"#\" title=\"fab fa-twitter\" target=\"_blank\"><i class=\"fab fa-twitter fa-lg\"><\/i><\/a><a href=\"#\" title=\"fab fa-youtube\" target=\"_blank\"><i class=\"fab fa-youtube fa-lg\"><\/i><\/a><\/div><\/div><div class=\"teammember-list col4 lastcols\"><div class=\"thumnailbx\"><a class=\"hvr-grow\" href=\"https:\/\/eglise-saint-jean-marie-vianney.com\/?team=yannick\"><img loading=\"lazy\" decoding=\"async\" width=\"271\" height=\"339\" src=\"https:\/\/eglise-saint-jean-marie-vianney.com\/wp-content\/uploads\/2019\/02\/member02-2.jpg\" class=\"attachment-post-thumbnail size-post-thumbnail wp-post-image\" alt=\"\" srcset=\"https:\/\/eglise-saint-jean-marie-vianney.com\/wp-content\/uploads\/2019\/02\/member02-2.jpg 271w, https:\/\/eglise-saint-jean-marie-vianney.com\/wp-content\/uploads\/2019\/02\/member02-2-240x300.jpg 240w\" sizes=\"auto, (max-width: 271px) 100vw, 271px\" \/><\/a><\/div><div class=\"titledesbox\">\r\n\t\t\t\t            <span class=\"title\">Yannick Augustin<\/span>\r\n\t\t\t\t\t\t\t<cite>Photographe Paroissial<\/cite>\t\t\t\t\t\t\t\r\n\t\t\t\t\t\t\t<\/div><div class=\"member-social-icon\"><a href=\"#\" title=\"fab fa-facebook-f\" target=\"_blank\"><i class=\"fab fa-facebook-f fa-lg\"><\/i><\/a><a href=\"#\" title=\"fab fa-twitter\" target=\"_blank\"><i class=\"fab fa-twitter fa-lg\"><\/i><\/a><a href=\"#\" title=\"fab fa-linkedin\" target=\"_blank\"><i class=\"fab fa-linkedin fa-lg\"><\/i><\/a><\/div><\/div><div class=\"teammember-list col4\"><div class=\"thumnailbx\"><a class=\"hvr-grow\" href=\"https:\/\/eglise-saint-jean-marie-vianney.com\/?team=franco-tuyau\"><img loading=\"lazy\" decoding=\"async\" width=\"271\" height=\"339\" src=\"https:\/\/eglise-saint-jean-marie-vianney.com\/wp-content\/uploads\/2019\/02\/member04-2.jpg\" class=\"attachment-post-thumbnail size-post-thumbnail wp-post-image\" alt=\"\" srcset=\"https:\/\/eglise-saint-jean-marie-vianney.com\/wp-content\/uploads\/2019\/02\/member04-2.jpg 271w, https:\/\/eglise-saint-jean-marie-vianney.com\/wp-content\/uploads\/2019\/02\/member04-2-240x300.jpg 240w\" sizes=\"auto, (max-width: 271px) 100vw, 271px\" \/><\/a><\/div><div class=\"titledesbox\">\r\n\t\t\t\t            <span class=\"title\">Franco Tuyau<\/span>\r\n\t\t\t\t\t\t\t<cite>Pr\u00e9sident du conseil paroissial<\/cite>\t\t\t\t\t\t\t\r\n\t\t\t\t\t\t\t<\/div><div class=\"member-social-icon\"><a href=\"\" title=\"fab fa-facebook-f\" target=\"_blank\"><i class=\"fab fa-facebook-f fa-lg\"><\/i><\/a><a href=\"\" title=\"fab fa-twitter\" target=\"_blank\"><i class=\"fab fa-twitter fa-lg\"><\/i><\/a><a href=\"\" title=\"fab fa-linkedin\" target=\"_blank\"><i class=\"fab fa-linkedin fa-lg\"><\/i><\/a><\/div><\/div><div class=\"teammember-list col4\"><div class=\"thumnailbx\"><a class=\"hvr-grow\" href=\"https:\/\/eglise-saint-jean-marie-vianney.com\/?team=aelys-labelle\"><img loading=\"lazy\" decoding=\"async\" width=\"271\" height=\"339\" src=\"https:\/\/eglise-saint-jean-marie-vianney.com\/wp-content\/uploads\/2019\/02\/member01-2.jpg\" class=\"attachment-post-thumbnail size-post-thumbnail wp-post-image\" alt=\"\" srcset=\"https:\/\/eglise-saint-jean-marie-vianney.com\/wp-content\/uploads\/2019\/02\/member01-2.jpg 271w, https:\/\/eglise-saint-jean-marie-vianney.com\/wp-content\/uploads\/2019\/02\/member01-2-240x300.jpg 240w\" sizes=\"auto, (max-width: 271px) 100vw, 271px\" \/><\/a><\/div><div class=\"titledesbox\">\r\n\t\t\t\t            <span class=\"title\">A\u00eblys Labelle<\/span>\r\n\t\t\t\t\t\t\t<cite>R\u00e9dactrice<\/cite>\t\t\t\t\t\t\t\r\n\t\t\t\t\t\t\t<\/div><div class=\"member-social-icon\"><a href=\"\" title=\"fab fa-facebook-f\" target=\"_blank\"><i class=\"fab fa-facebook-f fa-lg\"><\/i><\/a><a href=\"\" title=\"fab fa-twitter\" target=\"_blank\"><i class=\"fab fa-twitter fa-lg\"><\/i><\/a><a href=\"\" title=\"fab fa-linkedin\" target=\"_blank\"><i class=\"fab fa-linkedin fa-lg\"><\/i><\/a><\/div><\/div><div class=\"teammember-list col4\"><div class=\"thumnailbx\"><a class=\"hvr-grow\" href=\"https:\/\/eglise-saint-jean-marie-vianney.com\/?team=daniel\"><img loading=\"lazy\" decoding=\"async\" width=\"271\" height=\"339\" src=\"https:\/\/eglise-saint-jean-marie-vianney.com\/wp-content\/uploads\/2019\/02\/member04-2.jpg\" class=\"attachment-post-thumbnail size-post-thumbnail wp-post-image\" alt=\"\" srcset=\"https:\/\/eglise-saint-jean-marie-vianney.com\/wp-content\/uploads\/2019\/02\/member04-2.jpg 271w, https:\/\/eglise-saint-jean-marie-vianney.com\/wp-content\/uploads\/2019\/02\/member04-2-240x300.jpg 240w\" sizes=\"auto, (max-width: 271px) 100vw, 271px\" \/><\/a><\/div><div class=\"titledesbox\">\r\n\t\t\t\t            <span class=\"title\">Daniel Alexis<\/span>\r\n\t\t\t\t\t\t\t<cite>Responsable de projet R\u00e9dac<\/cite>\t\t\t\t\t\t\t\r\n\t\t\t\t\t\t\t<\/div><div class=\"member-social-icon\"><a href=\"#\" title=\"fab fa-facebook-f\" target=\"_blank\"><i class=\"fab fa-facebook-f fa-lg\"><\/i><\/a><a href=\"#\" title=\"fab fa-twitter\" target=\"_blank\"><i class=\"fab fa-twitter fa-lg\"><\/i><\/a><a href=\"#\" title=\"fab fa-linkedin\" target=\"_blank\"><i class=\"fab fa-linkedin fa-lg\"><\/i><\/a><\/div><\/div><\/div><div class=\"clear\"><\/div>\n<\/div><\/div>\n","protected":false},"excerpt":{"rendered":"<p>Nous sommes toujours heureux de recevoir vos retours, vos id\u00e9es et vos contributions. Pour nous contacter, vous pouvez nous \u00e9crire \u00e0 travers notre site internet \u2013 rubrique \u2018Nous Contacter\u2019. Nous lisons attentivement chaque email et nous nous effor\u00e7ons de r\u00e9pondre \u00e0 tous dans les meilleurs d\u00e9lais. Nous tenons \u00e0 vous remercier pour votre soutien et votre engagement envers notre magazine paroissial. Nous avons h\u00e2te de partager de nouveaux moments de foi, d\u2019inspiration et de partage avec vous dans les prochains num\u00e9ros.<\/p>\n","protected":false},"author":1,"featured_media":0,"parent":0,"menu_order":0,"comment_status":"closed","ping_status":"closed","template":"template-parts\/template-full-width.php","meta":{"footnotes":""},"class_list":["post-1852","page","type-page","status-publish","hentry"],"_links":{"self":[{"href":"https:\/\/eglise-saint-jean-marie-vianney.com\/index.php?rest_route=\/wp\/v2\/pages\/1852","targetHints":{"allow":["GET"]}}],"collection":[{"href":"https:\/\/eglise-saint-jean-marie-vianney.com\/index.php?rest_route=\/wp\/v2\/pages"}],"about":[{"href":"https:\/\/eglise-saint-jean-marie-vianney.com\/index.php?rest_route=\/wp\/v2\/types\/page"}],"author":[{"embeddable":true,"href":"https:\/\/eglise-saint-jean-marie-vianney.com\/index.php?rest_route=\/wp\/v2\/users\/1"}],"replies":[{"embeddable":true,"href":"https:\/\/eglise-saint-jean-marie-vianney.com\/index.php?rest_route=%2Fwp%2Fv2%2Fcomments&post=1852"}],"version-history":[{"count":9,"href":"https:\/\/eglise-saint-jean-marie-vianney.com\/index.php?rest_route=\/wp\/v2\/pages\/1852\/revisions"}],"predecessor-version":[{"id":2197,"href":"https:\/\/eglise-saint-jean-marie-vianney.com\/index.php?rest_route=\/wp\/v2\/pages\/1852\/revisions\/2197"}],"wp:attachment":[{"href":"https:\/\/eglise-saint-jean-marie-vianney.com\/index.php?rest_route=%2Fwp%2Fv2%2Fmedia&parent=1852"}],"curies":[{"name":"wp","href":"https:\/\/api.w.org\/{rel}","templated":true}]}}