{"id":1839,"date":"2024-02-27T11:52:31","date_gmt":"2024-02-27T07:52:31","guid":{"rendered":"https:\/\/ere-client.site\/?page_id=1839"},"modified":"2024-03-17T10:28:29","modified_gmt":"2024-03-17T06:28:29","slug":"grow-your-faith","status":"publish","type":"page","link":"https:\/\/eglise-saint-jean-marie-vianney.com\/?page_id=1839","title":{"rendered":"Message du P\u00e8re"},"content":{"rendered":"\n<div class=\"wp-block-columns is-layout-flex wp-container-core-columns-is-layout-9d6595d7 wp-block-columns-is-layout-flex\">\n<div class=\"wp-block-column is-vertically-aligned-center is-layout-flow wp-block-column-is-layout-flow\">\n<figure class=\"wp-block-image size-full is-resized\"><img loading=\"lazy\" decoding=\"async\" width=\"640\" height=\"425\" src=\"https:\/\/eglise-saint-jean-marie-vianney.com\/wp-content\/uploads\/2024\/03\/cee9df5362346e8a40309b18383c76ed.jpg\" alt=\"\" class=\"wp-image-2023\" style=\"width:839px;height:auto\" srcset=\"https:\/\/eglise-saint-jean-marie-vianney.com\/wp-content\/uploads\/2024\/03\/cee9df5362346e8a40309b18383c76ed.jpg 640w, https:\/\/eglise-saint-jean-marie-vianney.com\/wp-content\/uploads\/2024\/03\/cee9df5362346e8a40309b18383c76ed-300x199.jpg 300w\" sizes=\"auto, (max-width: 640px) 100vw, 640px\" \/><\/figure>\n<\/div>\n<\/div>\n\n\n\n<div style=\"height:92px\" aria-hidden=\"true\" class=\"wp-block-spacer\"><\/div>\n\n\n\n<p>\u00c0 l&rsquo;\u00e8re num\u00e9rique d&rsquo;aujourd&rsquo;hui, avoir un site web paroissial n&rsquo;est pas seulement b\u00e9n\u00e9fique mais essentiel pour favoriser un sentiment de communaut\u00e9, am\u00e9liorer la communication et promouvoir les valeurs et les enseignements catholiques de nos deux paroisses respectives. Ainsi, nous vous invitons \u00e0 naviguer \u00e0 travers nos pages pour y d\u00e9couvrir :<\/p>\n\n\n\n<ul class=\"wp-block-list\">\n<li>des informations pertinentes \u00e0 nos deux communaut\u00e9s paroissiales respectives&nbsp;;<\/li>\n\n\n\n<li>les d\u00e9tails sur les \u00e9v\u00e9nements et les services \u00e0 venir&nbsp;;<\/li>\n\n\n\n<li>les annonces importantes et les opportunit\u00e9s de b\u00e9n\u00e9volat&nbsp;;<\/li>\n\n\n\n<li>les horaires des messes et des diff\u00e9rents services de cultes&nbsp;;<\/li>\n\n\n\n<li>des fiches d\u2019inscriptions pour les diverses activit\u00e9s de nos paroisses (sacrements&nbsp;; formations, cours de pr\u00e9paration au mariage, intentions de messe etc..)&nbsp;;<\/li>\n\n\n\n<li>des ressources pour soutenir la croissance et le d\u00e9veloppement spirituels (sermons, mat\u00e9riel \u00e9ducatif, r\u00e9flexions spirituelles, intentions de pri\u00e8re etc.)&nbsp;;<\/li>\n\n\n\n<li>des histoires, des t\u00e9moignages et des messages d&rsquo;espoir et de foi&nbsp;;<\/li>\n\n\n\n<li>la possibilit\u00e9 de participer financi\u00e8rement \u00e0 la mission d\u2019\u00e9vang\u00e9lisation de nos deux paroisses.<\/li>\n<\/ul>\n\n\n\n<p>Gr\u00e2ce \u00e0 des contenus multim\u00e9dias tels que des vid\u00e9os, des podcasts et des blogs, nous esp\u00e9rons que notre site paroissial pourra transmettre le message d&rsquo;amour, de compassion et d&rsquo;inclusion, qui se trouve au c\u0153ur de notre foi catholique. En adoptant la technologie et en tirant profit de la puissance de l\u2019internet, prions que notre site paroissial puisse servir d&rsquo;outil pr\u00e9cieux pour construire et maintenir une communaut\u00e9 de foi florissante dans le monde moderne.<\/p>\n\n\n\n<p>Sainte navigation \u00e0 vous qui nous rendez visite.<\/p>\n\n\n\n<p><\/p>\n","protected":false},"excerpt":{"rendered":"<p>\u00c0 l&rsquo;\u00e8re num\u00e9rique d&rsquo;aujourd&rsquo;hui, avoir un site web paroissial n&rsquo;est pas seulement b\u00e9n\u00e9fique mais essentiel pour favoriser un sentiment de communaut\u00e9, am\u00e9liorer la communication et promouvoir les valeurs et les enseignements catholiques de nos deux paroisses respectives. Ainsi, nous vous invitons \u00e0 naviguer \u00e0 travers nos pages pour y d\u00e9couvrir : Gr\u00e2ce \u00e0 des contenus multim\u00e9dias tels que des vid\u00e9os, des podcasts et des blogs, nous esp\u00e9rons que notre site paroissial pourra transmettre le message d&rsquo;amour, de compassion et d&rsquo;inclusion, qui se trouve au c\u0153ur de notre foi catholique. En adoptant la technologie et en tirant profit de la puissance&#8230; <\/p>\n","protected":false},"author":1,"featured_media":0,"parent":0,"menu_order":0,"comment_status":"closed","ping_status":"closed","template":"template-parts\/template-full-width.php","meta":{"footnotes":""},"class_list":["post-1839","page","type-page","status-publish","hentry"],"_links":{"self":[{"href":"https:\/\/eglise-saint-jean-marie-vianney.com\/index.php?rest_route=\/wp\/v2\/pages\/1839","targetHints":{"allow":["GET"]}}],"collection":[{"href":"https:\/\/eglise-saint-jean-marie-vianney.com\/index.php?rest_route=\/wp\/v2\/pages"}],"about":[{"href":"https:\/\/eglise-saint-jean-marie-vianney.com\/index.php?rest_route=\/wp\/v2\/types\/page"}],"author":[{"embeddable":true,"href":"https:\/\/eglise-saint-jean-marie-vianney.com\/index.php?rest_route=\/wp\/v2\/users\/1"}],"replies":[{"embeddable":true,"href":"https:\/\/eglise-saint-jean-marie-vianney.com\/index.php?rest_route=%2Fwp%2Fv2%2Fcomments&post=1839"}],"version-history":[{"count":11,"href":"https:\/\/eglise-saint-jean-marie-vianney.com\/index.php?rest_route=\/wp\/v2\/pages\/1839\/revisions"}],"predecessor-version":[{"id":2026,"href":"https:\/\/eglise-saint-jean-marie-vianney.com\/index.php?rest_route=\/wp\/v2\/pages\/1839\/revisions\/2026"}],"wp:attachment":[{"href":"https:\/\/eglise-saint-jean-marie-vianney.com\/index.php?rest_route=%2Fwp%2Fv2%2Fmedia&parent=1839"}],"curies":[{"name":"wp","href":"https:\/\/api.w.org\/{rel}","templated":true}]}}