{"id":1581,"date":"2019-06-14T04:56:10","date_gmt":"2019-06-14T04:56:10","guid":{"rendered":"http:\/\/localhost\/www\/mythemes\/Online-Consulting\/?page_id=1581"},"modified":"2024-03-10T16:21:00","modified_gmt":"2024-03-10T12:21:00","slug":"clients-testimonials","status":"publish","type":"page","link":"https:\/\/eglise-saint-jean-marie-vianney.com\/?page_id=1581","title":{"rendered":"T\u00e9moignage"},"content":{"rendered":"<p><div id=\"clienttestiminials\"><div class=\"owl-carousel\">\r\n\t\t\t\t <div class=\"item\">\r\n\t\t\t\t <div class=\"arrow_box\">\r\n\t\t\t\t    <i class=\"fas fa-quote-left\"><\/i>\r\n\t\t\t\t\t<p>ERE Consulting &amp; Strategy est extr\u00eamement fiers d'avoir eu l'opportunit\u00e9 de contribuer \u00e0 la cr\u00e9ation du site internet et du magazine de l\u2019\u00e9glise. Cela a<\/p>\t\t\t\t\r\n\t\t\t\t\t<\/div><div class=\"clear\"><\/div>\r\n\t\t\t\t\t<div class=\"tmthumb\"><img decoding=\"async\" src=\"https:\/\/eglise-saint-jean-marie-vianney.com\/wp-content\/uploads\/2024\/03\/Screenshot-2023-05-17-162438.png\" alt=\" \" \/><\/div>\t\t\t\t\t\r\n\t\t\t\t\t<div class=\"leftttl\">\r\n\t\t\t\t\t <h6>Emanu\u00ebl &#038; Ana\u00efs<span>- Happy <\/span><\/h6>\t\t\t\t\t\t \r\n\t\t\t\t\t <\/div>\r\n\t\t\t\t\t \r\n\t\t\t\t<\/div>\r\n\t\t\t\t <div class=\"item\">\r\n\t\t\t\t <div class=\"arrow_box\">\r\n\t\t\t\t    <i class=\"fas fa-quote-left\"><\/i>\r\n\t\t\t\t\t<p>L\u2019id\u00e9e de cr\u00e9er un magazine paroissial a commenc\u00e9 \u00e0 me trotter dans la t\u00eate alors que j\u2019\u00e9tais dans la Fabrique. Je pensais \u00e0 un magazine<\/p>\t\t\t\t\r\n\t\t\t\t\t<\/div><div class=\"clear\"><\/div>\r\n\t\t\t\t\t<div class=\"tmthumb\"><img decoding=\"async\" src=\"https:\/\/eglise-saint-jean-marie-vianney.com\/wp-content\/uploads\/2024\/03\/DSC_7879-684x1024.jpg\" alt=\" \" \/><\/div>\t\t\t\t\t\r\n\t\t\t\t\t<div class=\"leftttl\">\r\n\t\t\t\t\t <h6>Daniel Alexis<span>- Happy<\/span><\/h6>\t\t\t\t\t\t \r\n\t\t\t\t\t <\/div>\r\n\t\t\t\t\t \r\n\t\t\t\t<\/div><\/div><\/div><br \/>\n<div class=\"clear\"><\/div><\/p>\n<h2>Testimonials Listing<\/h2>\n<div id=\"Tmnllist\">\r\n\t\t\t    <div class=\"tmnllisting\">\r\n\t\t\t \t<div class=\"tmnlthumb\"><a href=\"https:\/\/eglise-saint-jean-marie-vianney.com\/?testimonials=martha-doe\"><img decoding=\"async\" src=\"https:\/\/eglise-saint-jean-marie-vianney.com\/wp-content\/uploads\/2024\/03\/Screenshot-2023-05-17-162438.png\" alt=\" \" \/><\/a><\/div>\r\n\t\t\t\t <h6><a href=\"https:\/\/eglise-saint-jean-marie-vianney.com\/?testimonials=martha-doe\">Emanu\u00ebl &#038; Ana\u00efs<\/a><\/h6>\t\r\n\t\t\t\t <span>Happy <\/span>\r\n\t\t\t\t <p>ERE Consulting &amp; Strategy est extr\u00eamement fiers d'avoir eu l'opportunit\u00e9 de contribuer \u00e0 la cr\u00e9ation du site internet et du magazine de l\u2019\u00e9glise. Cela a<\/p>\t\t\t\t\r\n\t\t\t\t<\/div>\t\r\n\t\t\t    <div class=\"tmnllisting\">\r\n\t\t\t \t<div class=\"tmnlthumb\"><a href=\"https:\/\/eglise-saint-jean-marie-vianney.com\/?testimonials=john-doe\"><img decoding=\"async\" src=\"https:\/\/eglise-saint-jean-marie-vianney.com\/wp-content\/uploads\/2024\/03\/DSC_7879-scaled.jpg\" alt=\" \" \/><\/a><\/div>\r\n\t\t\t\t <h6><a href=\"https:\/\/eglise-saint-jean-marie-vianney.com\/?testimonials=john-doe\">Daniel Alexis<\/a><\/h6>\t\r\n\t\t\t\t <span>Happy<\/span>\r\n\t\t\t\t <p>L\u2019id\u00e9e de cr\u00e9er un magazine paroissial a commenc\u00e9 \u00e0 me trotter dans la t\u00eate alors que j\u2019\u00e9tais dans la Fabrique. Je pensais \u00e0 un magazine<\/p>\t\t\t\t\r\n\t\t\t\t<\/div>\t<\/div>\n","protected":false},"excerpt":{"rendered":"<p>Testimonials Listing<\/p>\n","protected":false},"author":1,"featured_media":0,"parent":0,"menu_order":0,"comment_status":"closed","ping_status":"closed","template":"template-parts\/template-no-sidebar.php","meta":{"footnotes":""},"class_list":["post-1581","page","type-page","status-publish","hentry"],"_links":{"self":[{"href":"https:\/\/eglise-saint-jean-marie-vianney.com\/index.php?rest_route=\/wp\/v2\/pages\/1581","targetHints":{"allow":["GET"]}}],"collection":[{"href":"https:\/\/eglise-saint-jean-marie-vianney.com\/index.php?rest_route=\/wp\/v2\/pages"}],"about":[{"href":"https:\/\/eglise-saint-jean-marie-vianney.com\/index.php?rest_route=\/wp\/v2\/types\/page"}],"author":[{"embeddable":true,"href":"https:\/\/eglise-saint-jean-marie-vianney.com\/index.php?rest_route=\/wp\/v2\/users\/1"}],"replies":[{"embeddable":true,"href":"https:\/\/eglise-saint-jean-marie-vianney.com\/index.php?rest_route=%2Fwp%2Fv2%2Fcomments&post=1581"}],"version-history":[{"count":1,"href":"https:\/\/eglise-saint-jean-marie-vianney.com\/index.php?rest_route=\/wp\/v2\/pages\/1581\/revisions"}],"predecessor-version":[{"id":2017,"href":"https:\/\/eglise-saint-jean-marie-vianney.com\/index.php?rest_route=\/wp\/v2\/pages\/1581\/revisions\/2017"}],"wp:attachment":[{"href":"https:\/\/eglise-saint-jean-marie-vianney.com\/index.php?rest_route=%2Fwp%2Fv2%2Fmedia&parent=1581"}],"curies":[{"name":"wp","href":"https:\/\/api.w.org\/{rel}","templated":true}]}}